{"id":260,"date":"2017-02-20T10:36:22","date_gmt":"2017-02-20T10:36:22","guid":{"rendered":"https:\/\/demo.themegrill.com\/flash\/?page_id=260"},"modified":"2023-03-09T18:51:52","modified_gmt":"2023-03-09T17:51:52","slug":"kontakt","status":"publish","type":"page","link":"https:\/\/oskiz.pl\/index.php\/kontakt\/","title":{"rendered":"Kontakt"},"content":{"rendered":"<div id=\"pl-260\"  class=\"panel-layout\" ><div id=\"pg-260-0\"  class=\"panel-grid panel-has-style\" ><div class=\"panel-row-style panel-row-style-for-260-0\" ><div id=\"pgc-260-0-0\"  class=\"panel-grid-cell\" ><div id=\"panel-260-0-0-0\" class=\"widget_text so-panel widget widget_custom_html panel-first-child panel-last-child\" data-index=\"0\" ><div class=\"textwidget custom-html-widget\"><!-- wp:column -->\n<div class=\"wp-block-column\"><!-- wp:paragraph -->\n<p><img loading=\"lazy\" decoding=\"async\" src=\"http:\/\/oskiz.pl\/wp-content\/uploads\/2022\/01\/info.png\" alt=\"\" width=\"50\" height=\"51\"> NIP: 6261656091<\/p>\n<!-- \/wp:paragraph -->\n\n<!-- wp:paragraph -->\n<p><img loading=\"lazy\" decoding=\"async\" src=\"http:\/\/oskiz.pl\/wp-content\/uploads\/2022\/01\/prezes.png\" alt=\"\" width=\"50\" height=\"51\"> Iwona Zi\u00f3\u0142kowska<\/p>\n<!-- \/wp:paragraph -->\n\n<!-- wp:paragraph -->\n\t<p><img loading=\"lazy\" decoding=\"async\" src=\"http:\/\/oskiz.pl\/wp-content\/uploads\/2022\/01\/mail.png\" alt=\"\" width=\"50\" height=\"51\"><a href=\"mailto:info@oskiz.pl\"> <font color=\"#666666\">info@oskiz.pl<\/font><\/a><\/p>\n<!-- \/wp:paragraph -->\n\n<!-- wp:paragraph -->\n<p><img loading=\"lazy\" decoding=\"async\" src=\"http:\/\/oskiz.pl\/wp-content\/uploads\/2022\/01\/adres.png\" alt=\"\" width=\"50\" height=\"51\"> ul. Sk\u0142adowa 2&nbsp; 41-902 Bytom - POLSKA<\/p>\n<!-- \/wp:paragraph -->\n\n<!-- wp:paragraph -->\n<p><img loading=\"lazy\" decoding=\"async\" src=\"http:\/\/oskiz.pl\/wp-content\/uploads\/2022\/01\/telefon.png\" alt=\"\" width=\"50\" height=\"51\"> +48 600 384 727<\/p>\n<!-- \/wp:paragraph --><\/div>\n<!-- \/wp:column -->\n<\/div><\/div><\/div><div id=\"pgc-260-0-1\"  class=\"panel-grid-cell\" ><div id=\"panel-260-0-1-0\" class=\"widget_text so-panel widget widget_custom_html panel-first-child panel-last-child\" data-index=\"1\" ><div class=\"textwidget custom-html-widget\">\n<div class=\"wpcf7 no-js\" id=\"wpcf7-f817-o1\" lang=\"pl-PL\" dir=\"ltr\" data-wpcf7-id=\"817\">\n<div class=\"screen-reader-response\"><p role=\"status\" aria-live=\"polite\" aria-atomic=\"true\"><\/p> <ul><\/ul><\/div>\n<form action=\"\/index.php\/wp-json\/wp\/v2\/pages\/260#wpcf7-f817-o1\" method=\"post\" class=\"wpcf7-form init\" aria-label=\"Formularz kontaktowy\" novalidate=\"novalidate\" data-status=\"init\">\n<fieldset class=\"hidden-fields-container\"><input type=\"hidden\" name=\"_wpcf7\" value=\"817\" \/><input type=\"hidden\" name=\"_wpcf7_version\" value=\"6.1.5\" \/><input type=\"hidden\" name=\"_wpcf7_locale\" value=\"pl_PL\" \/><input type=\"hidden\" name=\"_wpcf7_unit_tag\" value=\"wpcf7-f817-o1\" \/><input type=\"hidden\" name=\"_wpcf7_container_post\" value=\"0\" \/><input type=\"hidden\" name=\"_wpcf7_posted_data_hash\" value=\"\" \/><input type=\"hidden\" name=\"_wpcf7_recaptcha_response\" value=\"\" \/>\n<\/fieldset>\n<p><label> Twoje imi\u0119 i nazwisko<br \/>\n<span class=\"wpcf7-form-control-wrap\" data-name=\"your-name\"><input size=\"40\" maxlength=\"400\" class=\"wpcf7-form-control wpcf7-text wpcf7-validates-as-required\" aria-required=\"true\" aria-invalid=\"false\" value=\"\" type=\"text\" name=\"your-name\" \/><\/span> <\/label>\n<\/p>\n<p><label> Tw\u00f3j adres e-mail<br \/>\n<span class=\"wpcf7-form-control-wrap\" data-name=\"your-email\"><input size=\"40\" maxlength=\"400\" class=\"wpcf7-form-control wpcf7-email wpcf7-validates-as-required wpcf7-text wpcf7-validates-as-email\" aria-required=\"true\" aria-invalid=\"false\" value=\"\" type=\"email\" name=\"your-email\" \/><\/span> <\/label>\n<\/p>\n<p><label> Temat<br \/>\n<span class=\"wpcf7-form-control-wrap\" data-name=\"your-subject\"><input size=\"40\" maxlength=\"400\" class=\"wpcf7-form-control wpcf7-text wpcf7-validates-as-required\" aria-required=\"true\" aria-invalid=\"false\" value=\"\" type=\"text\" name=\"your-subject\" \/><\/span> <\/label>\n<\/p>\n<p><label> Twoja wiadomo\u015bci (opcjonalne)<br \/>\n<span class=\"wpcf7-form-control-wrap\" data-name=\"your-message\"><textarea cols=\"40\" rows=\"10\" maxlength=\"2000\" class=\"wpcf7-form-control wpcf7-textarea\" aria-invalid=\"false\" name=\"your-message\"><\/textarea><\/span> <\/label>\n<\/p>\n<p><input class=\"wpcf7-form-control wpcf7-submit has-spinner\" type=\"submit\" value=\"Wy\u015blij\" \/>\n<\/p><div class=\"wpcf7-response-output\" aria-hidden=\"true\"><\/div>\n<\/form>\n<\/div>\n<\/div><\/div><\/div><\/div><\/div><div id=\"pg-260-1\"  class=\"panel-grid panel-has-style\" ><div class=\"siteorigin-panels-stretch panel-row-style panel-row-style-for-260-1\" data-stretch-type=\"full-stretched-padded\" ><div id=\"pgc-260-1-0\"  class=\"panel-grid-cell\" ><div id=\"panel-260-1-0-0\" class=\"widget_text so-panel widget widget_custom_html panel-first-child panel-last-child\" data-index=\"2\" ><div class=\"textwidget custom-html-widget\"><iframe src=\"https:\/\/www.google.com\/maps\/embed?pb=!1m18!1m12!1m3!1d2546.128312451537!2d18.90087721540155!3d50.345512102802196!2m3!1f0!2f0!3f0!3m2!1i1024!2i768!4f13.1!3m3!1m2!1s0x47112cd4de4c1d37%3A0xfbecbcb1de1d7d21!2sSk%C5%82adowa%202%2C%2041-902%20Bytom!5e0!3m2!1spl!2spl!4v1642757592173!5m2!1spl!2spl\" style=\"border:0;\" allowfullscreen=\"\" loading=\"lazy\" width=\"4096\" height=\"600\"><\/iframe><\/div><\/div><\/div><\/div><\/div><\/div>","protected":false},"excerpt":{"rendered":"<p>NIP: 6261656091 Iwona Zi\u00f3\u0142kowska info@oskiz.pl ul. Sk\u0142adowa 2&nbsp; 41-902 Bytom &#8211; POLSKA +48 600 384 727 Twoje imi\u0119 i nazwisko [&hellip;]<\/p>\n","protected":false},"author":1,"featured_media":0,"parent":0,"menu_order":0,"comment_status":"closed","ping_status":"closed","template":"page-templates\/full-width.php","meta":{"footnotes":""},"class_list":["post-260","page","type-page","status-publish","hentry"],"_links":{"self":[{"href":"https:\/\/oskiz.pl\/index.php\/wp-json\/wp\/v2\/pages\/260","targetHints":{"allow":["GET"]}}],"collection":[{"href":"https:\/\/oskiz.pl\/index.php\/wp-json\/wp\/v2\/pages"}],"about":[{"href":"https:\/\/oskiz.pl\/index.php\/wp-json\/wp\/v2\/types\/page"}],"author":[{"embeddable":true,"href":"https:\/\/oskiz.pl\/index.php\/wp-json\/wp\/v2\/users\/1"}],"replies":[{"embeddable":true,"href":"https:\/\/oskiz.pl\/index.php\/wp-json\/wp\/v2\/comments?post=260"}],"version-history":[{"count":33,"href":"https:\/\/oskiz.pl\/index.php\/wp-json\/wp\/v2\/pages\/260\/revisions"}],"predecessor-version":[{"id":1606,"href":"https:\/\/oskiz.pl\/index.php\/wp-json\/wp\/v2\/pages\/260\/revisions\/1606"}],"wp:attachment":[{"href":"https:\/\/oskiz.pl\/index.php\/wp-json\/wp\/v2\/media?parent=260"}],"curies":[{"name":"wp","href":"https:\/\/api.w.org\/{rel}","templated":true}]}}